{"id":57,"date":"2023-06-20T16:34:59","date_gmt":"2023-06-20T14:34:59","guid":{"rendered":"http:\/\/kljveis.cluster027.hosting.ovh.net\/?page_id=57"},"modified":"2024-02-28T18:18:15","modified_gmt":"2024-02-28T17:18:15","slug":"biogaz","status":"publish","type":"page","link":"https:\/\/www.greenever.fr\/index.php\/biogaz\/","title":{"rendered":"Offre Biogaz"},"content":{"rendered":"\t\t<div data-elementor-type=\"wp-page\" data-elementor-id=\"57\" class=\"elementor elementor-57\">\n\t\t\t\t\t\t\t\t\t<section class=\"elementor-section elementor-top-section elementor-element elementor-element-61731650 elementor-section-boxed elementor-section-height-default elementor-section-height-default\" data-id=\"61731650\" data-element_type=\"section\">\n\t\t\t\t\t\t<div class=\"elementor-container elementor-column-gap-default\">\n\t\t\t\t\t<div class=\"elementor-column elementor-col-100 elementor-top-column elementor-element elementor-element-3b951f74\" data-id=\"3b951f74\" data-element_type=\"column\">\n\t\t\t<div class=\"elementor-widget-wrap elementor-element-populated\">\n\t\t\t\t\t\t\t\t<div class=\"elementor-element elementor-element-3838932 elementor-widget elementor-widget-image\" data-id=\"3838932\" data-element_type=\"widget\" data-widget_type=\"image.default\">\n\t\t\t\t<div class=\"elementor-widget-container\">\n\t\t\t<style>\/*! elementor - v3.14.0 - 26-06-2023 *\/\n.elementor-widget-image{text-align:center}.elementor-widget-image a{display:inline-block}.elementor-widget-image a img[src$=\".svg\"]{width:48px}.elementor-widget-image img{vertical-align:middle;display:inline-block}<\/style>\t\t\t\t\t\t\t\t\t\t\t\t<img loading=\"lazy\" decoding=\"async\" width=\"1024\" height=\"121\" src=\"https:\/\/www.greenever.fr\/wp-content\/uploads\/2024\/02\/Capture-decran-2024-02-05-144947-1-1024x121.jpg\" class=\"attachment-large size-large wp-image-189\" alt=\"\" srcset=\"https:\/\/www.greenever.fr\/wp-content\/uploads\/2024\/02\/Capture-decran-2024-02-05-144947-1-1024x121.jpg 1024w, https:\/\/www.greenever.fr\/wp-content\/uploads\/2024\/02\/Capture-decran-2024-02-05-144947-1-300x35.jpg 300w, https:\/\/www.greenever.fr\/wp-content\/uploads\/2024\/02\/Capture-decran-2024-02-05-144947-1-768x91.jpg 768w, https:\/\/www.greenever.fr\/wp-content\/uploads\/2024\/02\/Capture-decran-2024-02-05-144947-1.jpg 1268w\" sizes=\"auto, (max-width: 1024px) 100vw, 1024px\" \/>\t\t\t\t\t\t\t\t\t\t\t\t\t\t\t<\/div>\n\t\t\t\t<\/div>\n\t\t\t\t<div class=\"elementor-element elementor-element-5cb6ce10 elementor-widget elementor-widget-text-editor\" data-id=\"5cb6ce10\" data-element_type=\"widget\" data-widget_type=\"text-editor.default\">\n\t\t\t\t<div class=\"elementor-widget-container\">\n\t\t\t<style>\/*! elementor - v3.14.0 - 26-06-2023 *\/\n.elementor-widget-text-editor.elementor-drop-cap-view-stacked .elementor-drop-cap{background-color:#69727d;color:#fff}.elementor-widget-text-editor.elementor-drop-cap-view-framed .elementor-drop-cap{color:#69727d;border:3px solid;background-color:transparent}.elementor-widget-text-editor:not(.elementor-drop-cap-view-default) .elementor-drop-cap{margin-top:8px}.elementor-widget-text-editor:not(.elementor-drop-cap-view-default) .elementor-drop-cap-letter{width:1em;height:1em}.elementor-widget-text-editor .elementor-drop-cap{float:left;text-align:center;line-height:1;font-size:50px}.elementor-widget-text-editor .elementor-drop-cap-letter{display:inline-block}<\/style>\t\t\t\t<p><!-- wp:image {\"id\":167,\"width\":\"1169px\",\"height\":\"auto\",\"sizeSlug\":\"full\",\"linkDestination\":\"none\"} --><\/p>\n<figure class=\"wp-block-image size-full is-resized\"><\/figure>\n<p><!-- \/wp:image --><!-- wp:paragraph --><\/p>\n<p><!-- \/wp:paragraph --><!-- wp:heading --><\/p>\n<h2 class=\"wp-block-heading\">Les 4 piliers de l\u2019optimisation \u00e9conomiques selon GreenEver<\/h2>\n<p><!-- \/wp:heading --><!-- wp:paragraph --><\/p>\n<ol>\n<li><a href=\"https:\/\/www.greenever.fr\/index.php\/biogaz\/optimisation-energetique-des-sites-de-production\/\"><strong>SME<\/strong> (syst\u00e8me de management de l\u2019\u00e9nergie) avec le suivi des consommations et l&rsquo;optimisation proc\u00e9d\u00e9 garantissant le maintien de l\u2019\u00e9nergie sp\u00e9cifique ~1 kWh\/Nm3 bioCH4 inject\u00e9,<\/a><\/li>\n<li><a href=\"https:\/\/www.greenever.fr\/index.php\/biogaz\/audit-durabilite-red2\/\"><strong>Audit REDII<\/strong> &#8211; CERTIFICAT DE DURABILIT\u00c9 (obligatoire pour maintien du tarif)<\/a><\/li>\n<li><a href=\"https:\/\/www.greenever.fr\/index.php\/biogaz\/ppa-power-purchase-agreement\/\">Aide \u00e0 la n\u00e9gociation de contrats d&rsquo;achat gr\u00e9 \u00e0 gr\u00e9 (<strong>BPA<\/strong> Biogas Purchase Agreement) \u00e0 un prix &gt; tarif r\u00e8glement\u00e9.<\/a><\/li>\n<li><a href=\"https:\/\/www.greenever.fr\/index.php\/biogaz\/assistance-a-loperation-et-maintenance-industrielle\/\">Accompagnement dans l\u2019<strong>op\u00e9ration et la maintenance<\/strong> de l\u2019unit\u00e9,<\/a><\/li>\n<\/ol>\n<p><!-- \/wp:paragraph --><\/p>\t\t\t\t\t\t<\/div>\n\t\t\t\t<\/div>\n\t\t\t\t\t<\/div>\n\t\t<\/div>\n\t\t\t\t\t\t\t<\/div>\n\t\t<\/section>\n\t\t\t\t\t\t\t<\/div>\n\t\t","protected":false},"excerpt":{"rendered":"<p>Les 4 piliers de l\u2019optimisation \u00e9conomiques selon GreenEver SME (syst\u00e8me de management de l\u2019\u00e9nergie) avec le suivi des consommations et l&rsquo;optimisation proc\u00e9d\u00e9 garantissant le maintien de l\u2019\u00e9nergie sp\u00e9cifique ~1 kWh\/Nm3 bioCH4 inject\u00e9, Audit REDII &#8211; CERTIFICAT DE DURABILIT\u00c9 (obligatoire pour maintien du tarif) Aide \u00e0 la n\u00e9gociation de contrats d&rsquo;achat gr\u00e9 \u00e0 gr\u00e9 (BPA Biogas&hellip;&nbsp;<a href=\"https:\/\/www.greenever.fr\/index.php\/biogaz\/\" class=\"\" rel=\"bookmark\">Lire la suite &raquo;<span class=\"screen-reader-text\">Offre Biogaz<\/span><\/a><\/p>\n","protected":false},"author":3,"featured_media":0,"parent":0,"menu_order":0,"comment_status":"closed","ping_status":"closed","template":"","meta":{"neve_meta_sidebar":"","neve_meta_container":"","neve_meta_enable_content_width":"","neve_meta_content_width":0,"neve_meta_title_alignment":"","neve_meta_author_avatar":"","neve_post_elements_order":"","neve_meta_disable_header":"","neve_meta_disable_footer":"","neve_meta_disable_title":"","footnotes":""},"class_list":["post-57","page","type-page","status-publish","hentry"],"_links":{"self":[{"href":"https:\/\/www.greenever.fr\/index.php\/wp-json\/wp\/v2\/pages\/57","targetHints":{"allow":["GET"]}}],"collection":[{"href":"https:\/\/www.greenever.fr\/index.php\/wp-json\/wp\/v2\/pages"}],"about":[{"href":"https:\/\/www.greenever.fr\/index.php\/wp-json\/wp\/v2\/types\/page"}],"author":[{"embeddable":true,"href":"https:\/\/www.greenever.fr\/index.php\/wp-json\/wp\/v2\/users\/3"}],"replies":[{"embeddable":true,"href":"https:\/\/www.greenever.fr\/index.php\/wp-json\/wp\/v2\/comments?post=57"}],"version-history":[{"count":24,"href":"https:\/\/www.greenever.fr\/index.php\/wp-json\/wp\/v2\/pages\/57\/revisions"}],"predecessor-version":[{"id":323,"href":"https:\/\/www.greenever.fr\/index.php\/wp-json\/wp\/v2\/pages\/57\/revisions\/323"}],"wp:attachment":[{"href":"https:\/\/www.greenever.fr\/index.php\/wp-json\/wp\/v2\/media?parent=57"}],"curies":[{"name":"wp","href":"https:\/\/api.w.org\/{rel}","templated":true}]}}